{"id":7,"date":"2021-10-12T20:46:40","date_gmt":"2021-10-12T18:46:40","guid":{"rendered":"https:\/\/www.archersvalleetenebreuse.fr\/wp\/?page_id=7"},"modified":"2025-09-14T13:46:56","modified_gmt":"2025-09-14T11:46:56","slug":"contact","status":"publish","type":"page","link":"https:\/\/www.archersvalleetenebreuse.fr\/?page_id=7","title":{"rendered":"Contact"},"content":{"rendered":"\n<blockquote class=\"wp-block-quote has-text-align-left is-layout-flow wp-block-quote-is-layout-flow\">\n<p><strong>Si\u00e8ge social: Chez Mme Valade Lisa<\/strong><\/p>\n\n\n\n<p><strong>1, chemin des coutures<\/strong><\/p>\n\n\n\n<p><strong>87510 PEYRILHAC<\/strong><\/p>\n\n\n\n<p><strong><a href=\"mailto:pgaudy@wanadoo.fr\" target=\"_blank\" rel=\"noreferrer noopener\">nantiatcavt@gmail.com<\/a><\/strong><\/p>\n\n\n\n<p><strong>0643518184<\/strong><\/p>\n<\/blockquote>\n\n\n\n<p class=\"has-text-align-left\">Il est toujours possible de venir prendre les infos \u00e0 la source en se rendant sur nos terrains un samedi apr\u00e8s-midi \u00e0 partir de 15h.<\/p>\n\n\n\n<p>     Nous nous ferons un plaisir de vous renseigner.<\/p>\n\n\n\n<p>     CAVT route de Saint-G\u00e9rie (en contrebas du ch\u00e2teau des L\u00e8zes)<\/p>\n\n\n\n<p>     Nantiat<\/p>\n\n\n\n<p>     latitude : N 45.98736 \u00b0 longitude : E 1.17739 \u00b0<\/p>\n\n\n\n<h2 class=\"wp-block-heading\">Informations relatives \u00e0 l&rsquo;inscription<\/h2>\n\n\n\n<p>Il est n\u00e9cessaire de fournir un certificat m\u00e9dical datant de moins de 3 ans pour pouvoir s&rsquo;inscrire dans notre club.<\/p>\n\n\n\n<p>Vous pouvez t\u00e9l\u00e9charger les informations tarifaires 2025-2026 gr\u00e2ce au lien ci-dessous.<\/p>\n\n\n\n<div class=\"wp-block-file\"><a id=\"wp-block-file--media-83018670-efba-42b4-a03f-050f1357ae2c\" href=\"https:\/\/www.archersvalleetenebreuse.fr\/wp-content\/uploads\/2025\/09\/Tarifs-2025-2026.pdf\">Tarifs 2025-2026<\/a><\/div>\n","protected":false},"excerpt":{"rendered":"<p>Si\u00e8ge social: Chez Mme Valade Lisa 1, chemin des coutures 87510 PEYRILHAC nantiatcavt@gmail.com 0643518184 Il est toujours possible de venir prendre les infos \u00e0 la source en se rendant sur nos terrains un samedi apr\u00e8s-midi \u00e0 partir de 15h. Nous nous ferons un plaisir de vous renseigner. CAVT route de Saint-G\u00e9rie (en contrebas du ch\u00e2teau [&hellip;]<\/p>\n","protected":false},"author":1,"featured_media":0,"parent":0,"menu_order":0,"comment_status":"closed","ping_status":"closed","template":"elementor_theme","meta":{"footnotes":""},"class_list":["post-7","page","type-page","status-publish","hentry","entry"],"_links":{"self":[{"href":"https:\/\/www.archersvalleetenebreuse.fr\/index.php?rest_route=\/wp\/v2\/pages\/7","targetHints":{"allow":["GET"]}}],"collection":[{"href":"https:\/\/www.archersvalleetenebreuse.fr\/index.php?rest_route=\/wp\/v2\/pages"}],"about":[{"href":"https:\/\/www.archersvalleetenebreuse.fr\/index.php?rest_route=\/wp\/v2\/types\/page"}],"author":[{"embeddable":true,"href":"https:\/\/www.archersvalleetenebreuse.fr\/index.php?rest_route=\/wp\/v2\/users\/1"}],"replies":[{"embeddable":true,"href":"https:\/\/www.archersvalleetenebreuse.fr\/index.php?rest_route=%2Fwp%2Fv2%2Fcomments&post=7"}],"version-history":[{"count":17,"href":"https:\/\/www.archersvalleetenebreuse.fr\/index.php?rest_route=\/wp\/v2\/pages\/7\/revisions"}],"predecessor-version":[{"id":853,"href":"https:\/\/www.archersvalleetenebreuse.fr\/index.php?rest_route=\/wp\/v2\/pages\/7\/revisions\/853"}],"wp:attachment":[{"href":"https:\/\/www.archersvalleetenebreuse.fr\/index.php?rest_route=%2Fwp%2Fv2%2Fmedia&parent=7"}],"curies":[{"name":"wp","href":"https:\/\/api.w.org\/{rel}","templated":true}]}}