{"id":699,"date":"2024-01-16T11:57:08","date_gmt":"2024-01-16T10:57:08","guid":{"rendered":"https:\/\/www.archersvalleetenebreuse.fr\/?page_id=699"},"modified":"2024-01-16T19:44:17","modified_gmt":"2024-01-16T18:44:17","slug":"parcours-france-2024","status":"publish","type":"page","link":"https:\/\/www.archersvalleetenebreuse.fr\/?page_id=699","title":{"rendered":"PARCOURS FRANCE 2024"},"content":{"rendered":"\n<p>Voil\u00e0, nous y sommes, la pr\u00e9paration du Parcours France 2024, dont l&rsquo;organisation a \u00e9t\u00e9 confi\u00e9e \u00e0 notre Compagnie est lanc\u00e9e.<\/p>\n\n\n\n<p class=\"has-text-align-left\">Etape 1: trouver les financements, r\u00e9gler les questions administratives, r\u00e9fl\u00e9chir aux parcours, trouver des&#8230;, penser \u00e0&#8230;, contacter X, rappeler Y&#8230; etc.<\/p>\n\n\n\n<p>Tout \u00e7a avance tranquillement.<\/p>\n\n\n\n<p><a href=\"https:\/\/www.archersvalleetenebreuse.fr\/?p=678\" target=\"_blank\" rel=\"noreferrer noopener\">Lien vers l&rsquo;explication pour les non sp\u00e9cialistes.<\/a><\/p>\n\n\n\n<figure class=\"wp-block-image size-full\"><img fetchpriority=\"high\" decoding=\"async\" width=\"600\" height=\"848\" src=\"https:\/\/www.archersvalleetenebreuse.fr\/wp-content\/uploads\/2024\/01\/France-24.02-1.jpg\" alt=\"\" class=\"wp-image-707\" srcset=\"https:\/\/www.archersvalleetenebreuse.fr\/wp-content\/uploads\/2024\/01\/France-24.02-1.jpg 600w, https:\/\/www.archersvalleetenebreuse.fr\/wp-content\/uploads\/2024\/01\/France-24.02-1-212x300.jpg 212w\" sizes=\"(max-width: 600px) 100vw, 600px\" \/><\/figure>\n","protected":false},"excerpt":{"rendered":"<p>Voil\u00e0, nous y sommes, la pr\u00e9paration du Parcours France 2024, dont l&rsquo;organisation a \u00e9t\u00e9 confi\u00e9e \u00e0 notre Compagnie est lanc\u00e9e. Etape 1: trouver les financements, r\u00e9gler les questions administratives, r\u00e9fl\u00e9chir aux parcours, trouver des&#8230;, penser \u00e0&#8230;, contacter X, rappeler Y&#8230; etc. Tout \u00e7a avance tranquillement. Lien vers l&rsquo;explication pour les non sp\u00e9cialistes.<\/p>\n","protected":false},"author":1,"featured_media":0,"parent":0,"menu_order":0,"comment_status":"closed","ping_status":"closed","template":"","meta":{"footnotes":""},"class_list":["post-699","page","type-page","status-publish","hentry","entry"],"_links":{"self":[{"href":"https:\/\/www.archersvalleetenebreuse.fr\/index.php?rest_route=\/wp\/v2\/pages\/699","targetHints":{"allow":["GET"]}}],"collection":[{"href":"https:\/\/www.archersvalleetenebreuse.fr\/index.php?rest_route=\/wp\/v2\/pages"}],"about":[{"href":"https:\/\/www.archersvalleetenebreuse.fr\/index.php?rest_route=\/wp\/v2\/types\/page"}],"author":[{"embeddable":true,"href":"https:\/\/www.archersvalleetenebreuse.fr\/index.php?rest_route=\/wp\/v2\/users\/1"}],"replies":[{"embeddable":true,"href":"https:\/\/www.archersvalleetenebreuse.fr\/index.php?rest_route=%2Fwp%2Fv2%2Fcomments&post=699"}],"version-history":[{"count":5,"href":"https:\/\/www.archersvalleetenebreuse.fr\/index.php?rest_route=\/wp\/v2\/pages\/699\/revisions"}],"predecessor-version":[{"id":712,"href":"https:\/\/www.archersvalleetenebreuse.fr\/index.php?rest_route=\/wp\/v2\/pages\/699\/revisions\/712"}],"wp:attachment":[{"href":"https:\/\/www.archersvalleetenebreuse.fr\/index.php?rest_route=%2Fwp%2Fv2%2Fmedia&parent=699"}],"curies":[{"name":"wp","href":"https:\/\/api.w.org\/{rel}","templated":true}]}}