{"id":365,"date":"2022-01-16T12:55:58","date_gmt":"2022-01-16T11:55:58","guid":{"rendered":"https:\/\/www.archersvalleetenebreuse.fr\/wp\/?page_id=365"},"modified":"2022-08-17T10:29:43","modified_gmt":"2022-08-17T08:29:43","slug":"la-compagnie","status":"publish","type":"page","link":"https:\/\/www.archersvalleetenebreuse.fr\/?page_id=365","title":{"rendered":"La Compagnie"},"content":{"rendered":"\n<h2 class=\"wp-block-heading\" id=\"un-peu-d-histoire\">Un peu d&rsquo;histoire<\/h2>\n\n\n\n<p><strong>\u00ab\u00a0Compagnie des Archers de la Vall\u00e9e T\u00e9n\u00e9breuse\u00a0\u00bb<\/strong>, mais o\u00f9 ont-ils \u00e9t\u00e9 chercher un nom pareil, vous demandez vous.<\/p>\n\n\n\n<p>Quelques explications s&rsquo;imposent donc. Le terme de Compagnie, pr\u00e9f\u00e9r\u00e9 \u00e0 celui de club,  est une r\u00e9f\u00e9rence aux Compagnies de Francs Archers, charg\u00e9es de la d\u00e9fense des villes au Moyen-Age. Il est encore tr\u00e8s utilis\u00e9 dans les r\u00e9gions o\u00f9 les traditions de l&rsquo;archerie sont toujours vivaces (Flandres, Picardie, Nord, r\u00e9gion parisienne, etc). <\/p>\n\n\n\n<p>A la cr\u00e9ation de la compagnie en 1988, nos terrains se situaient sur la commune de Saint-Victurnien, dans la vall\u00e9e de la Vienne, tr\u00e8s escarp\u00e9e et tr\u00e8s bois\u00e9e \u00e0 cet endroit. C&rsquo;est dans cette for\u00eat, \u00e0 la mauvaise r\u00e9putation, qu&rsquo;au Moyen-Age, le fils d&rsquo;un roi d&rsquo;Ecosse, guid\u00e9 par Dieu, s&rsquo;\u00e9tablit comme ermite. Plus tard, sanctifi\u00e9, il donna son nom \u00e0 la bourgade la plus proche: Saint-Victurnien. Le nom de cette vall\u00e9e en ces temps recul\u00e9s : \u00ab\u00a0<em><strong>vallis tenebrosis<\/strong><\/em>\u00ab\u00a0, la vall\u00e9e t\u00e9n\u00e9breuse. Lors de notre d\u00e9m\u00e9nagement sur la commune de Nantiat, nous avons d\u00e9cid\u00e9 de conserver ce nom, m\u00eame si la vall\u00e9e n&rsquo;est plus l\u00e0.<\/p>\n\n\n\n<h2 class=\"wp-block-heading\" id=\"fonctionnement\">Fonctionnement<\/h2>\n\n\n\n<p>Association Loi 1901, la Compagnie propose deux parcours permanents de tir \u00e0 l&rsquo;arc, ainsi qu&rsquo;une zone d&rsquo;entra\u00eenement sur de vastes surfaces, mises \u00e0 notre disposition par un propri\u00e9taire que nous ne remercierons jamais assez pour sa gentillesse, sa disponibilit\u00e9 et son ouverture d&rsquo;esprit.  <\/p>\n\n\n\n<p> Ces parcours sont accessibles \u00e0 tout archer licenci\u00e9, \u00e0 jour de sa cotisation, \u00e0 sa convenance, 365 jours par an. <\/p>\n\n\n\n<p>Le samedi apr\u00e8s-midi est le cr\u00e9neau choisi pour les s\u00e9ances collectives, l&rsquo;initiation des enfants et d\u00e9butants.       <\/p>\n\n\n\n<p>Affili\u00e9e \u00e0 deux f\u00e9d\u00e9rations nationales de tir \u00e0 l&rsquo;arc, nous pourrons vous proposer la licence sportive qui vous conviendra le mieux.<\/p>\n\n\n\n<h2 class=\"wp-block-heading\">Manifestations ext\u00e9rieures<\/h2>\n\n\n\n<p>Quelles que soient les manifestations auxquelles nous participons, notre stand remporte toujours un grand succ\u00e8s, tant aupr\u00e8s des enfants que des adultes. F\u00eates m\u00e9di\u00e9vales, f\u00eates de village et autres tirent toujours profit d&rsquo;une animation tir \u00e0 l&rsquo;arc dans laquelle le public peut exercer son adresse et d\u00e9couvrir cette discipline et son histoire. Si vous \u00eates organisateur et recherchez de nouvelles id\u00e9es, n&rsquo;h\u00e9sitez pas \u00e0 nous contacter, nous \u00e9tudierons ensembles les modalit\u00e9s qui vous conviendront le mieux.<\/p>\n\n\n\n<p>Dans le m\u00eame esprit, nous pouvons r\u00e9pondre, sur nos terrains, \u00e0 certaines demandes: nous avons ainsi accueilli des comit\u00e9s d&rsquo;entreprise, des anniversaires, des groupes de salari\u00e9s, des \u00e9tablissements m\u00e9dico-sociaux, etc.<\/p>\n\n\n\n<p><strong><em>Pour plus d&rsquo;informations sur la vie de la Compagnie, des photos, des r\u00e9sultats de concours, j&rsquo;en passe, visitez notre page Facebook (lien en haut et bas de page)<\/em><\/strong><\/p>\n\n\n\n<figure class=\"wp-block-image size-large\"><img fetchpriority=\"high\" decoding=\"async\" width=\"1024\" height=\"768\" src=\"https:\/\/www.archersvalleetenebreuse.fr\/wp-content\/uploads\/2022\/04\/Camp-viking--1024x768.jpg\" alt=\"\" class=\"wp-image-571\" srcset=\"https:\/\/www.archersvalleetenebreuse.fr\/wp-content\/uploads\/2022\/04\/Camp-viking--1024x768.jpg 1024w, https:\/\/www.archersvalleetenebreuse.fr\/wp-content\/uploads\/2022\/04\/Camp-viking--300x225.jpg 300w, https:\/\/www.archersvalleetenebreuse.fr\/wp-content\/uploads\/2022\/04\/Camp-viking--768x576.jpg 768w, https:\/\/www.archersvalleetenebreuse.fr\/wp-content\/uploads\/2022\/04\/Camp-viking-.jpg 1200w\" sizes=\"(max-width: 1024px) 100vw, 1024px\" \/><figcaption><em>Une partie de notre campement lors de f\u00eates m\u00e9di\u00e9vales, juste pour s&rsquo;amuser, nous ne faisons pas de la reconstitution historique<\/em><\/figcaption><\/figure>\n\n\n\n<p><\/p>\n\n\n\n<p><\/p>\n","protected":false},"excerpt":{"rendered":"<p>Un peu d&rsquo;histoire \u00ab\u00a0Compagnie des Archers de la Vall\u00e9e T\u00e9n\u00e9breuse\u00a0\u00bb, mais o\u00f9 ont-ils \u00e9t\u00e9 chercher un nom pareil, vous demandez vous. Quelques explications s&rsquo;imposent donc. Le terme de Compagnie, pr\u00e9f\u00e9r\u00e9 \u00e0 celui de club, est une r\u00e9f\u00e9rence aux Compagnies de Francs Archers, charg\u00e9es de la d\u00e9fense des villes au Moyen-Age. Il est encore tr\u00e8s utilis\u00e9 [&hellip;]<\/p>\n","protected":false},"author":1,"featured_media":0,"parent":0,"menu_order":0,"comment_status":"closed","ping_status":"closed","template":"","meta":{"footnotes":""},"class_list":["post-365","page","type-page","status-publish","hentry","entry"],"_links":{"self":[{"href":"https:\/\/www.archersvalleetenebreuse.fr\/index.php?rest_route=\/wp\/v2\/pages\/365","targetHints":{"allow":["GET"]}}],"collection":[{"href":"https:\/\/www.archersvalleetenebreuse.fr\/index.php?rest_route=\/wp\/v2\/pages"}],"about":[{"href":"https:\/\/www.archersvalleetenebreuse.fr\/index.php?rest_route=\/wp\/v2\/types\/page"}],"author":[{"embeddable":true,"href":"https:\/\/www.archersvalleetenebreuse.fr\/index.php?rest_route=\/wp\/v2\/users\/1"}],"replies":[{"embeddable":true,"href":"https:\/\/www.archersvalleetenebreuse.fr\/index.php?rest_route=%2Fwp%2Fv2%2Fcomments&post=365"}],"version-history":[{"count":9,"href":"https:\/\/www.archersvalleetenebreuse.fr\/index.php?rest_route=\/wp\/v2\/pages\/365\/revisions"}],"predecessor-version":[{"id":608,"href":"https:\/\/www.archersvalleetenebreuse.fr\/index.php?rest_route=\/wp\/v2\/pages\/365\/revisions\/608"}],"wp:attachment":[{"href":"https:\/\/www.archersvalleetenebreuse.fr\/index.php?rest_route=%2Fwp%2Fv2%2Fmedia&parent=365"}],"curies":[{"name":"wp","href":"https:\/\/api.w.org\/{rel}","templated":true}]}}